{"id":3,"date":"2025-09-10T12:16:30","date_gmt":"2025-09-10T12:16:30","guid":{"rendered":"https:\/\/puidetalu.ee\/?page_id=3"},"modified":"2025-09-12T10:00:06","modified_gmt":"2025-09-12T10:00:06","slug":"andmekaitsetingimused","status":"publish","type":"page","link":"https:\/\/puidetalu.ee\/en\/andmekaitsetingimused\/","title":{"rendered":"Andmekaitsetingimused"},"content":{"rendered":"<p>K\u00fcpsiste kasutamine- ja privaatsuspoliitika teavitus<\/p>\n<p>K\u00e4esolev k\u00fcpsiste kasutamise ja privaatsuspoliitika teavitus (edaspidi teavitus) sisaldab kasulikku infot selle kohta, kuidas ja milleks ettev\u00f5tte isikuandmeid (andmeid) kogub, t\u00f6\u00f6tleb ja jagab. Privaatsuspoliitika l\u00e4htub andmekaitse \u00fcldregulatsioonist (GDPR \u2013 General Data Protection Regulation).<\/p>\n<p>Privaatsuspoliitika eesm\u00e4rk on kaitsta klientide privaatsust koosk\u00f5las Eesti Vabariigi seaduste ning Euroopa Liidu \u00f5igusaktidega.<\/p>\n<p>\u201eIsikuandmed\u201c on mis tahes teave tuvastatud v\u00f5i tuvastatava f\u00fc\u00fcsilise isiku kohta, n\u00e4iteks nimi,\u00a0aadress, e-posti aadress ning teave meie kodulehe k\u00fclastuste, sotsiaalmeedia kanalite ning meie toodete ja teenuste kasutamise\u00a0kohta.<\/p>\n<p><strong>Kasutades meie veebilehte, n\u00f5ustute k\u00fcpsiste kasutamisega ja isikuandmete t\u00f6\u00f6tlemise tingimustega nagu on kirjeldatud meie K\u00fcpsiste kasutamise- ja privaatsuspoliitikas.<\/strong><\/p>\n<p>Kehtiv alates 1.09.2025<\/p>\n<ol>\n<li>Kelle andmeid Puide Talu O\u00dc t\u00f6\u00f6tleb?<\/li>\n<\/ol>\n<p>Puide Talu O\u00dc on isikuandmete vastutav t\u00f6\u00f6tleja ning k\u00fcsimuste korral kirjuta puidetalu@gmail.com.<\/p>\n<p>Puide Talu O\u00dc\u00a0t\u00f6\u00f6tleb oma klientide ja kontaktisikute andmeid, kes on avaldanud soovi tarbida meie tooteid ja teenuseid v\u00f5i on varasemalt tarbinud meie tooteid ja kasutanud meie teenuseid.<\/p>\n<p>Teatud juhtudel t\u00f6\u00f6tleme isikuandmeid, mis on k\u00e4ttesaadavad avalikest allikatest.<\/p>\n<ol start=\"2\">\n<li>Kliendi isikuandmete (andmete) t\u00f6\u00f6tlemise eesm\u00e4rgid ja \u00f5iguslikud alused<\/li>\n<\/ol>\n<p>Meie turunduskanalite vabatahtlike kasutajate ja teenuste kasutajate ning klientide (sh klientide esindajate) isikuandmeid t\u00f6\u00f6tleme me selleks, et t\u00e4ita nii oma lepingulisi kohustusi kui ka pakkuda potentsiaalsetele klientidele kvaliteetsemat teenust, tooteid ja informatsiooni.<\/p>\n<p>Kui Puide Talu O\u00dc\u00a0t\u00f6\u00f6tleb isikuandmeid neil eesm\u00e4rkidel, on t\u00f6\u00f6tlemise \u00f5iguslikuks aluseks meie \u00f5igustatud huvi\u00a0tagada meie toodete ja teenuste korrektne ja kvaliteetsem osutamine ja tarbimine.<\/p>\n<p>Puide Talu O\u00dc turunduskanalitest (sh koduleht) kogume me andmeid nende kasutamise ja potentsiaalsete klientide huvide kohta, et paremini\u00a0m\u00f5ista meie klientide tegelikke huve, pakkuda kvaliteetsemat informatsiooni ja t\u00e4iustada kodulehe funktsionaalsust ning kasutajas\u00f5bralikkust.<\/p>\n<p>Sellisel juhul on t\u00f6\u00f6tlemise \u00f5iguslikuks aluseks meie \u00f5igustatud huvi m\u00f5ista paremini klientide vajadusi ja\u00a0pakkuda paremaid tooteid ja teenuseid.<\/p>\n<p>N\u00e4iteks t\u00f6\u00f6tleb Puide Talu O\u00dc andmeid kliendi ostuk\u00e4itumise kohta, andmeid uudiskirjade lugemise ja avamise kohta ning andmeid reklaamide avamise kohta, eesm\u00e4rgiga pakkuda kliendile tema eelistatud pakkumisi ja sisu.<\/p>\n<p><strong>Puide Talu O\u00dc t\u00f6\u00f6tleb isikuandmeid j\u00e4rgmistel eesm\u00e4rkidel:<\/strong><\/p>\n<ul>\n<li>Puide Talu O\u00dc kliendibaasi loomine ja selle haldamine;<\/li>\n<li>kliendile uute toodete ja teenuste pakkumine;<\/li>\n<li>Puide Talu O\u00dc toodete ja teenuste anal\u00fc\u00fcsimine ja t\u00e4iustamine;<\/li>\n<li>veebilehe haldamine;<\/li>\n<li>\u00f5igusaktidest tulenevate n\u00f5uete t\u00e4itmine;<\/li>\n<li>kliendi p\u00e4ringutele vastamine;<\/li>\n<li>tunnistuste ja sertifikaatide v\u00e4ljastamine.<\/li>\n<\/ul>\n<ol start=\"3\">\n<li>Kuidas andmeid kogutakse<\/li>\n<\/ol>\n<p>\u00dcldjuhul kogume me isikuandmeid otse andmesubjektidelt ja nende n\u00f5usolekul.\u00a0Lisaks sellele kasutame me automaatseid andmekogumisvahendeid, sealhulgas k\u00fcpsiseid ja\u00a0muid j\u00e4lgimisvahendeid, et optimeerida meie\u00a0 kodulehe kasutajakogemust ja pakkuda\u00a0klientidele paremaid teenuseid.<\/p>\n<p><strong>K\u00fcpsised ja pikslisildid ning nendest vabanemine<\/strong><\/p>\n<p>K\u00fcpsis (cookie) on v\u00e4ikesemahuline tekstifail, mille veebiserver saadab kasutaja veebilehitsejale ja mis salvestatakse kasutaja arvuti k\u00f5vakettale ning mis v\u00f5imaldab meelde j\u00e4tta kasutaja eelistused nagu kirjasuurus, suhtluskeel, seadmeinfo, k\u00fclastusstatistika jms<\/p>\n<p>K\u00f5ik veebisirvijad on vaikimisi seatud k\u00fcpsiseid lubama, kuid veebisirvija seadeid saab \u00fcldjuhul muuta\u00a0selliselt, et veebilehitseja keeldub k\u00fcpsistest t\u00e4ielikult, blokeerib kolmandate isikute k\u00fcpsised v\u00f5i\u00a0teavitab kasutajat igast saadetud k\u00fcpsisest.<\/p>\n<p>Pikslisildid on v\u00e4ikesed veebisaidi koodil\u00f5igud, mis\u00a0v\u00f5imaldavad veebilehtedel k\u00fcpsiseid lugeda ja paigaldada. Need k\u00e4ivituvad, kui kasutaja avab e-kirja\u00a0v\u00f5i saabub veebisaidile, misj\u00e4rel laaditakse alla kolmandate isikute k\u00fcpsiseid v\u00f5i\u00a0registreeritakse, et kasutaja on e-kirja avanud.<\/p>\n<p>Puide Talu O\u00dc kasutab j\u00e4rgmiseid k\u00fcpsiseid:<\/p>\n<ul>\n<li>Seansik\u00fcpsised (ajutised k\u00fcpsised), mille eesm\u00e4rk on v\u00f5imaldada teenuse kasutamist.<\/li>\n<li>P\u00fcsik\u00fcpsised (salvestuvad kasutaja arvutisse p\u00e4rast veebilehitseja sulgemist), mille eesm\u00e4rk on pidada meeles kliendi valikuid Puide Talu O\u00dc veebilehtedel.<\/li>\n<\/ul>\n<p>T\u00e4psemalt \u00f6eldes kasutab Puide Talu O\u00dc:<\/p>\n<ul>\n<li>anal\u00fc\u00fctilisi k\u00fcpsiseid, mis koguvad teavet selle kohta, kuidas veebilehte kasutatakse. N\u00e4iteks, milliseid sisulehti k\u00fclastatakse k\u00f5ige enam v\u00f5i mida k\u00fclastajad veebilehelt otsivad jne. Need k\u00fcpsised ei kogu teavet, mis v\u00f5imaldaks veebilehe kasutajat otseselt tuvastada. Siia hulka kuuluvad nt Google Analyticsi ja Hotjari k\u00fcpsised.<\/li>\n<li>reklaamik\u00fcpsiseid, mida aitavad pakkuda kasutaja huvidele sihitud reklaame. N\u00e4iteks kodulehekoolitused.ee lehele on lisatud Facebook Pixel kood ning kui te ei soovi Puide Talu O\u00dc veebilehe reklaami enam Facebookis n\u00e4ha, siis v\u00f5ite selle keelata. Avage\u00a0<a href=\"https:\/\/www.facebook.com\/ads\/preferences\">https:\/\/www.facebook.com\/ads\/preferences<\/a>\u00a0ja kustutage \u201cReklaamijad, kellega oled suhelnud\u201d valiku alt Puide Talu.<\/li>\n<li>kolmandate osapoolte k\u00fcpsiseid, nt Youtube ja Google Maps. Asukoha kaarti ja videosid ei n\u00e4idata, kui pole n\u00f5ustunud privaatsustingimustega. Selleks, et see tehniliselt oleks v\u00f5imalik, kasutame Avada kujunduse poolt loodud privacy_embeds k\u00fcpsist.<\/li>\n<\/ul>\n<p>Kasutajal on \u00f5igus keelduda k\u00fcpsiste salvestamisest arvutisse. Vastava soovi korral peab kasutaja muutma oma veebilehitseja seadeid.<\/p>\n<p>Juhendid enamkasutavate veebisirvijate seadistamiseks:<\/p>\n<p><strong>Internet Explorer<\/strong>:\u00a0<a href=\"http:\/\/support.microsoft.com\/kb\/278835\">http:\/\/support.microsoft.com\/kb\/278835<\/a><\/p>\n<p><strong>Crome:<\/strong>\u00a0<a href=\"https:\/\/support.google.com\/chrome\/answer\/95647?hl=en\">https:\/\/support.google.com\/chrome\/answer\/95647?hl=en<\/a><\/p>\n<p><strong>Firefox<\/strong>:\u00a0<a href=\"http:\/\/support.mozilla.org\/en-US\/kb\/Clear%20Recent%20History\">http:\/\/support.mozilla.org\/en-US\/kb\/Clear%20Recent%20History<\/a><\/p>\n<p><strong>Opera<\/strong>:\u00a0<a href=\"https:\/\/www.opera.com\/help\/tutorials\/security\/privacy\/\">http:\/\/www.opera.com\/browser\/tutorials\/security\/privacy<\/a><\/p>\n<p><strong>Safari<\/strong>:\u00a0<a href=\"https:\/\/support.apple.com\/guide\/safari\/manage-cookies-and-website-data-sfri11471\/mac\">https:\/\/support.apple.com\/guide\/safari\/manage-cookies-and-website-data-sfri11471\/mac<\/a><\/p>\n<p>K\u00fcpsiste blokeerimisel peab kasutaja arvestama, et k\u00f5ik veebilehe funktsioonid ei pruugi enam kasutajale k\u00e4ttesaadavad olla.<\/p>\n<ol start=\"4\">\n<li>Puide Talu O\u00dc poolt t\u00f6\u00f6deldavad isikuandmed (sh andmed)<\/li>\n<\/ol>\n<p><strong>Puide Talu O\u00dc v\u00f5ib t\u00f6\u00f6delda j\u00e4rgmisi isikuandmeid (sh andmeid):<\/strong><\/p>\n<p><strong>kontaktanded<\/strong>\u00a0\u2013 nimi,\u00a0e-posti aadress ja telefoninumber<\/p>\n<p><strong>lepingu t\u00e4itmise k\u00e4igus kogutavad ja tekkivad andmed<\/strong>\u00a0\u2013 isikukood, registrikood, kliendi eelistused seoses Puide Talu O\u00dc\u00a0teenuste ja toodetega, tagasiside meie teenuste ja toodete kohta, teave kliendi t\u00f6\u00f6, \u00e4riprotsesside v\u00f5i \u00f5pingute harjumuste ja eelistuste kohta.<\/p>\n<p><strong>automaatselt kogutavad andmed<\/strong>\u00a0\u2013 kasutaja veebibrauserilt saadud andmed, sealhulgas brauseri liik, seadme t\u00fc\u00fcp,\u00a0suhtluskeel, veebisaidi aadress, kust kasutaja saabus, milliseid sisulehti uuris ning kasutaja IP-aadress ja muud\u00a0liiklusandmed.<\/p>\n<p><strong>kasutaja toimingud seoses Puide Talu O\u00dc e-kirjadega<\/strong>\u00a0\u2013 sealhulgas andmed selle kohta,\u00a0millised kirjad ning millal ja kuidas kasutaja avas.<\/p>\n<p><strong>muud isikuandmed<\/strong>\u00a0\u2013 mille te olete teinud avalikult k\u00e4ttesaadavaks v\u00f5i meile\u00a0k\u00e4ttesaadavaks kolmandate isikute sotsiaalv\u00f5rgustikes nagu LinkedIn, Facebook, Google Plus, Instagram jt.<\/p>\n<p>Puide Talu O\u00dc ei t\u00f6\u00f6tle vastutava t\u00f6\u00f6tlejana isikuandmete eriliike.<\/p>\n<ol start=\"5\">\n<li>Isikuandmete jagamine<\/li>\n<\/ol>\n<p>Puide Talu O\u00dc ei edasta kliendi andmeid v\u00e4ljapoole Euroopa (EU) Majanduspiirkonda.<\/p>\n<p>Puide Talu O\u00dc ei jaga kliendi isikuandmeid kolmandatele osapooltele va allpool loetletud tingimustel. K\u00f5iki andmeid kasutatakse ainult suhtlemiseks ja parema toote v\u00f5i teenuse pakkumise eesm\u00e4rgil.<\/p>\n<p><strong>Sinu isikuandmeid v\u00f5ime jagada j\u00e4rgmistel juhtudel:<\/strong><\/p>\n<ul>\n<li>V\u00f5lgade sisse n\u00f5udmine \u2013\u00a0v\u00f5lgade sissen\u00f5udmisteenuse osutajad, makseh\u00e4ireregistrid.<\/li>\n<li>Riikliku j\u00e4relvalve asutused ja Politsei.<\/li>\n<li>Avalik tagasiside kliendi n\u00f5usolekul.<\/li>\n<li>Ettev\u00f5te edastab maksete teostamiseks vajalikud isikuandmed volitatud t\u00f6\u00f6tleja Maksekeskus AS-le.<\/li>\n<\/ul>\n<ol start=\"6\">\n<li>Isikuandmete\u00a0(andmete) turvalisus, kasutamine ja s\u00e4ilitamine<\/li>\n<\/ol>\n<p>Puide Talu O\u00dc v\u00f5ib saata klientidele informatsiooni oma teenuste, toodete, uudiskirjade ja pakkumiste kohta, kui klient on meile ise andnud oma kontaktandmed, kuid seda niikaua, kui klient pole palunud viimaste tegevuste l\u00f5petamist v\u00f5i lahkunud uudiskirja saajate grupist.<\/p>\n<p><strong>6.1. Isikuandmete turvalisus<\/strong><\/p>\n<p>Isikuandmete turvaline s\u00e4ilitamine on Puide Talu O\u00dc k\u00f5rgeim turvalisuse alane prioriteet. P\u00fc\u00fcame teha k\u00f5ik\u00a0v\u00f5imaliku, et v\u00e4ltida loata juurdep\u00e4\u00e4su, avaldamist ja muud \u00f5igusvastast t\u00f6\u00f6tlemist. Kaitseme\u00a0isikuandmete konfidentsiaalsust ja puutumatust ning tagame andmetele juurdep\u00e4\u00e4su koosk\u00f5las\u00a0kehtivate \u00f5igusaktidega.<\/p>\n<p>Oleme meie kogutavate ja t\u00f6\u00f6deldavate isikuandmete kaitseks kehtestanud m\u00f5istlikud ja\u00a0piisavad organisatsioonilised meetmed ning tehnilised ja f\u00fc\u00fcsilised piirangud. Kasutatavad\u00a0meetmed s\u00f5ltuvad isikuandmete liigist ja nende avalikukssaamise v\u00f5imalikest tagaj\u00e4rgedest.<\/p>\n<p>Puide Talu O\u00dc on rakendanud vajalikke tehnilisi, f\u00fc\u00fcsilisi ja korralduslikke turvameetmeid kliendi isikuandmete (andmete) kaitsmiseks kadumise ja ebaseadusliku t\u00f6\u00f6tlemise eest.<\/p>\n<p><strong>6.2. S\u00e4ilitamist\u00e4htaeg \u2013 kui kaua isikuandmeid s\u00e4ilitame?<\/strong><\/p>\n<p>Puide Talu O\u00dc s\u00e4ilitab isikuandmeid \u00fcksnes nii kaua, kui see on nende kogumise eesm\u00e4rgi\u00a0saavutamiseks vajalik. S\u00e4ilitamist\u00e4htaeg s\u00f5ltub ka vajadusest vastata andmesubjektide\u00a0p\u00e4ringutele, lahendada probleeme ning t\u00e4ita seadusej\u00e4rgseid dokumentide s\u00e4ilitamise n\u00f5udeid.<\/p>\n<p>Kui me isikuandmeid enam ei vaja ja \u00f5igusaktid nende s\u00e4ilitamist ei n\u00f5ua, kustutame me need\u00a0isikuandmed.<\/p>\n<p>V\u00f5ime j\u00e4tkata k\u00f5nesolevate andmete kasutamist statistilistel eesm\u00e4rkidel, kuid\u00a0\u00fcksnes pseudon\u00fcmiseeritud v\u00f5i anon\u00fcmiseeritud kujul.<\/p>\n<p>Kui tekib kasv\u00f5i k\u00fcsimus, siis palun kirjuta puidetalu@gmail.com.<\/p>\n<ol start=\"7\">\n<li>Kliendi\u00a0 (andmesubjekti) \u00f5igused<\/li>\n<\/ol>\n<p>Kliendil on \u00f5igus p\u00e4\u00e4seda ligi Puide Talu O\u00dc poolt t\u00f6\u00f6deldavatele Kliendi enda isikuandmetele ja \u00f5igus n\u00f5uda ebat\u00e4psete isikuandmete parandamist.<\/p>\n<p>Kui Kliendil on k\u00fcsimusi oma \u00f5iguste kohta v\u00f5i on ta arvamusel, et Puide Talu O\u00dc on tema isikuandmete (andmete) t\u00f6\u00f6tlemisel rikkunud tema \u00f5igusi, peaks ta kindlasti \u00fchendust v\u00f5tma e-posti aadressil puidetalu@gmail.com.<\/p>\n<p>Kui te ei soovi saada\u00a0Puide Talu O\u00dc turundusteateid, on teil v\u00f5imalik neist loobuda,\u00a0j\u00e4rgides iga turundusteate jaluses olevaid loobumisjuhiseid v\u00f5i v\u00f5ttes \u00fchendust meie kontakti lehe kaudu.<\/p>\n<p>Andmesubjekti \u00f5igused<\/p>\n<p>Parandamis\u00f5igus \u2013 on andmesubjekti \u00f5igus n\u00f5uda, et temaga seotud eba\u00f5iged\u00a0isikuandmed p\u00f5hjendamatu viivituseta parandataks.<\/p>\n<p>Kustutamis\u00f5igus \u2013 on andmesubjekti \u00f5igus n\u00f5uda, et tema isikuandmed p\u00f5hjendamatu\u00a0viivituseta kustutataks, kui on t\u00e4idetud teatud lisatingimused.<\/p>\n<p>Teatud juhtudel on andmesubjektil \u00f5igus piirata enda isikuandmete t\u00f6\u00f6tlemist.<\/p>\n<p>Andmesubjektil on \u00f5igus tutvuda isikuandmetega, mida me tema kohta s\u00e4ilitame ja\u00a0mida ta on meile andnud ning \u00f5igus edastada need andmed teisele vastutavale\u00a0t\u00f6\u00f6tlejale, kui see on tehniliselt v\u00f5imalik ning t\u00f6\u00f6tlemine toimub n\u00f5usoleku v\u00f5i lepingu\u00a0alusel ja automatiseeritult.<\/p>\n<p>Andmesubjektil on \u00f5igus oma konkreetsest olukorrast l\u00e4htudes esitada igal ajal\u00a0vastuv\u00e4iteid enda isikuandmete t\u00f6\u00f6tlemise suhtes, mis toimub \u00f5igusaktide vastavate\u00a0s\u00e4tete alusel, sealhulgas nende s\u00e4tete alusel toimuva profiilianal\u00fc\u00fcsi suhtes.<\/p>\n<p>Kui \u00f5igusaktidest ei tulene teisiti, on andmesubjektil \u00f5igus, et tema kohta ei tehtaks\u00a0otsust, mis p\u00f5hineb \u00fcksnes automatiseeritud t\u00f6\u00f6tlusel, sealhulgas profiilianal\u00fc\u00fcsil, ning\u00a0loob andmesubjektile \u00f5iguslikke tagaj\u00e4rgi v\u00f5i avaldab talle m\u00e4rkimisv\u00e4\u00e4rset m\u00f5ju.<\/p>\n<p>Kui isikuandmete t\u00f6\u00f6tlemise aluseks on andmesubjekti n\u00f5usolek, on andmesubjektil\u00a0\u00f5igus see n\u00f5usolek igal ajal tagasi v\u00f5tta, ilma et see m\u00f5jutaks enne tagasiv\u00f5tmist\u00a0n\u00f5usoleku alusel toimunud t\u00f6\u00f6tlemise seaduslikkust.<\/p>\n<p>Kui soovite kasutada nimetatud \u00f5igusi, palume v\u00f5tta meiega \u00fchendust.<\/p>\n<p>Kui Puide Talu O\u00dc pakutud lahendus ei rahulda teid, siis on teil \u00f5igus p\u00f6\u00f6rduda Eesti Vabariigi Andmekaitse Inspektsiooni ja kohtu poole.<\/p>\n<ol start=\"8\">\n<li>Muud s\u00e4tted<\/li>\n<\/ol>\n<p>Puide Talu O\u00dc v\u00f5tab \u00f5iguse K\u00fcpsiste kasutamist ja privaatsuspoliitikat \u00fchepoolselt muuta. K\u00fcpsiste kasutamise ja privaatsuspoliitika uusim versioon on alati saadaval k\u00e4esoleval veebilehel.<\/p>\n<p>K\u00e4esolevale K\u00fcpsiste kasutamisele ja privaatsuspoliitikale kohalduvad Eesti Vabariigi seadused. Poliitikast tulenevad vaidlused v\u00f5i n\u00f5uded lahendatakse Tallinnas Harju Maakohtus.<\/p>\n<p>&nbsp;<\/p>","protected":false},"excerpt":{"rendered":"<p>K\u00fcpsiste kasutamine- ja privaatsuspoliitika teavitus K\u00e4esolev k\u00fcpsiste kasutamise ja privaatsuspoliitika teavitus (edaspidi teavitus) sisaldab kasulikku infot selle kohta, kuidas ja milleks ettev\u00f5tte isikuandmeid (andmeid) kogub, t\u00f6\u00f6tleb ja jagab. Privaatsuspoliitika l\u00e4htub andmekaitse \u00fcldregulatsioonist (GDPR \u2013 General Data Protection Regulation). Privaatsuspoliitika eesm\u00e4rk on kaitsta klientide privaatsust koosk\u00f5las Eesti Vabariigi seaduste ning Euroopa Liidu \u00f5igusaktidega. \u201eIsikuandmed\u201c on mis<\/p>","protected":false},"author":1,"featured_media":0,"parent":0,"menu_order":0,"comment_status":"closed","ping_status":"open","template":"","meta":{"footnotes":""},"class_list":["post-3","page","type-page","status-publish","hentry"],"aioseo_notices":[],"_links":{"self":[{"href":"https:\/\/puidetalu.ee\/en\/wp-json\/wp\/v2\/pages\/3","targetHints":{"allow":["GET"]}}],"collection":[{"href":"https:\/\/puidetalu.ee\/en\/wp-json\/wp\/v2\/pages"}],"about":[{"href":"https:\/\/puidetalu.ee\/en\/wp-json\/wp\/v2\/types\/page"}],"author":[{"embeddable":true,"href":"https:\/\/puidetalu.ee\/en\/wp-json\/wp\/v2\/users\/1"}],"replies":[{"embeddable":true,"href":"https:\/\/puidetalu.ee\/en\/wp-json\/wp\/v2\/comments?post=3"}],"version-history":[{"count":2,"href":"https:\/\/puidetalu.ee\/en\/wp-json\/wp\/v2\/pages\/3\/revisions"}],"predecessor-version":[{"id":1876,"href":"https:\/\/puidetalu.ee\/en\/wp-json\/wp\/v2\/pages\/3\/revisions\/1876"}],"wp:attachment":[{"href":"https:\/\/puidetalu.ee\/en\/wp-json\/wp\/v2\/media?parent=3"}],"curies":[{"name":"wp","href":"https:\/\/api.w.org\/{rel}","templated":true}]}}