{"id":1848,"date":"2025-09-11T13:14:30","date_gmt":"2025-09-11T13:14:30","guid":{"rendered":"https:\/\/puidetalu.ee\/?page_id=1848"},"modified":"2026-01-16T15:08:14","modified_gmt":"2026-01-16T15:08:14","slug":"meie-tegemised","status":"publish","type":"page","link":"https:\/\/puidetalu.ee\/en\/meie-tegemised\/","title":{"rendered":"Meie tegemised"},"content":{"rendered":"<div class=\"fusion-fullwidth fullwidth-box fusion-builder-row-1 fusion-flex-container has-pattern-background has-mask-background nonhundred-percent-fullwidth non-hundred-percent-height-scrolling\" style=\"--awb-border-radius-top-left:0px;--awb-border-radius-top-right:0px;--awb-border-radius-bottom-right:0px;--awb-border-radius-bottom-left:0px;--awb-flex-wrap:wrap;\" ><div class=\"fusion-builder-row fusion-row fusion-flex-align-items-flex-start fusion-flex-content-wrap\" style=\"max-width:1216.8px;margin-left: calc(-4% \/ 2 );margin-right: calc(-4% \/ 2 );\"><div class=\"fusion-layout-column fusion_builder_column fusion-builder-column-0 fusion_builder_column_1_1 1_1 fusion-flex-column\" style=\"--awb-bg-size:cover;--awb-width-large:100%;--awb-margin-top-large:0px;--awb-spacing-right-large:1.92%;--awb-margin-bottom-large:0px;--awb-spacing-left-large:1.92%;--awb-width-medium:100%;--awb-order-medium:0;--awb-spacing-right-medium:1.92%;--awb-spacing-left-medium:1.92%;--awb-width-small:100%;--awb-order-small:0;--awb-spacing-right-small:1.92%;--awb-spacing-left-small:1.92%;\"><div class=\"fusion-column-wrapper fusion-column-has-shadow fusion-flex-justify-content-flex-start fusion-content-layout-column\"><div class=\"fusion-recent-posts fusion-recent-posts-1 avada-container layout-default layout-columns-3\"><section class=\"fusion-columns columns fusion-columns-3 columns-3\"><article class=\"post fusion-column column col col-lg-4 col-md-4 col-sm-4\"><div class=\"recent-posts-content\"><span class=\"vcard\" style=\"display: none;\"><span class=\"fn\"><a href=\"https:\/\/puidetalu.ee\/en\/author\/admin\/\" title=\"Posts by admin\" rel=\"author\">admin<\/a><\/span><\/span><span class=\"updated\" style=\"display:none;\">2025-09-11T12:21:41+00:00<\/span><h4 class=\"entry-title\"><a href=\"https:\/\/puidetalu.ee\/en\/mak-meetmete-toetus-2\/\">MAK meetmete toetus<\/a><\/h4><p> MAK meetmete toetus  MAK 2014-2020 meetme 6.4. vahenditest toetatakse Puide Talu O\u00dcd remondihalli ehitamisel. Investeeringu eesm\u00e4rgiks on ettev\u00f5tte<\/p><\/div><\/article><article class=\"post fusion-column column col col-lg-4 col-md-4 col-sm-4\"><div class=\"recent-posts-content\"><span class=\"vcard\" style=\"display: none;\"><span class=\"fn\"><a href=\"https:\/\/puidetalu.ee\/en\/author\/admin\/\" title=\"Posts by admin\" rel=\"author\">admin<\/a><\/span><\/span><span class=\"updated\" style=\"display:none;\">2025-09-11T12:21:08+00:00<\/span><h4 class=\"entry-title\"><a href=\"https:\/\/puidetalu.ee\/en\/mak-meetmete-toetus\/\">MAK meetmete toetus<\/a><\/h4><p> MAK meetmete toetus  Eesti maaelu arengukava 2014\u20132020, meede 4.1 \u201cP\u00f5llumajandusettev\u00f5tja tulemuslikkuse parandamise investeeringutoetus\u201c Toetuse abil soetati j\u00e4rgnevad masinad<\/p><\/div><\/article><\/section><\/div><\/div><\/div><\/div><\/div>","protected":false},"excerpt":{"rendered":"","protected":false},"author":1,"featured_media":0,"parent":0,"menu_order":0,"comment_status":"closed","ping_status":"closed","template":"","meta":{"footnotes":""},"class_list":["post-1848","page","type-page","status-publish","hentry"],"aioseo_notices":[],"_links":{"self":[{"href":"https:\/\/puidetalu.ee\/en\/wp-json\/wp\/v2\/pages\/1848","targetHints":{"allow":["GET"]}}],"collection":[{"href":"https:\/\/puidetalu.ee\/en\/wp-json\/wp\/v2\/pages"}],"about":[{"href":"https:\/\/puidetalu.ee\/en\/wp-json\/wp\/v2\/types\/page"}],"author":[{"embeddable":true,"href":"https:\/\/puidetalu.ee\/en\/wp-json\/wp\/v2\/users\/1"}],"replies":[{"embeddable":true,"href":"https:\/\/puidetalu.ee\/en\/wp-json\/wp\/v2\/comments?post=1848"}],"version-history":[{"count":2,"href":"https:\/\/puidetalu.ee\/en\/wp-json\/wp\/v2\/pages\/1848\/revisions"}],"predecessor-version":[{"id":2121,"href":"https:\/\/puidetalu.ee\/en\/wp-json\/wp\/v2\/pages\/1848\/revisions\/2121"}],"wp:attachment":[{"href":"https:\/\/puidetalu.ee\/en\/wp-json\/wp\/v2\/media?parent=1848"}],"curies":[{"name":"wp","href":"https:\/\/api.w.org\/{rel}","templated":true}]}}