{"id":1494,"date":"2025-09-10T09:35:29","date_gmt":"2025-09-10T09:35:29","guid":{"rendered":"https:\/\/puidetalu.ee\/?page_id=1494"},"modified":"2025-10-11T09:29:01","modified_gmt":"2025-10-11T09:29:01","slug":"meist","status":"publish","type":"page","link":"https:\/\/puidetalu.ee\/en\/meist\/","title":{"rendered":"Meist"},"content":{"rendered":"<p><div class=\"fusion-fullwidth fullwidth-box fusion-builder-row-1 fusion-flex-container has-pattern-background has-mask-background nonhundred-percent-fullwidth non-hundred-percent-height-scrolling\" style=\"--awb-border-radius-top-left:0px;--awb-border-radius-top-right:0px;--awb-border-radius-bottom-right:0px;--awb-border-radius-bottom-left:0px;--awb-flex-wrap:wrap;\" ><div class=\"fusion-builder-row fusion-row fusion-flex-align-items-flex-start fusion-flex-content-wrap\" style=\"max-width:1216.8px;margin-left: calc(-4% \/ 2 );margin-right: calc(-4% \/ 2 );\"><div class=\"fusion-layout-column fusion_builder_column fusion-builder-column-0 fusion_builder_column_1_1 1_1 fusion-flex-column\" style=\"--awb-bg-size:cover;--awb-width-large:100%;--awb-margin-top-large:0px;--awb-spacing-right-large:1.92%;--awb-margin-bottom-large:0px;--awb-spacing-left-large:1.92%;--awb-width-medium:100%;--awb-order-medium:0;--awb-spacing-right-medium:1.92%;--awb-spacing-left-medium:1.92%;--awb-width-small:100%;--awb-order-small:0;--awb-spacing-right-small:1.92%;--awb-spacing-left-small:1.92%;\"><div class=\"fusion-column-wrapper fusion-column-has-shadow fusion-flex-justify-content-flex-start fusion-content-layout-column\"><div class=\"fusion-title title fusion-title-1 fusion-sep-none fusion-title-text fusion-title-size-one\" style=\"--awb-margin-top-small:0px;--awb-margin-right-small:0px;--awb-margin-bottom-small:20px;--awb-margin-left-small:0px;\"><h1 class=\"fusion-title-heading title-heading-left fusion-responsive-typography-calculated\" style=\"margin:0;text-transform:capitalize;--fontSize:60;line-height:var(--awb-typography1-line-height);\">Puide talu<\/h1><\/div><div class=\"fusion-text fusion-text-1\"><p>Puide Talu on rohkem kui 25-aastase kogemusega p\u00f5llumajandusettev\u00f5te Puide k\u00fclas, T\u00f5rva vallas, Valgamaal. Puide Talu on p\u00f5lvkonnast-p\u00f5lvkonda olnud pereettev\u00f5te, mille alustaladeks on Mati Nurm ja Ahti Nurm. Talusse on aegade jooksul meeletult ja hindamatult panustanud Mati abikaasa Helgi Nurm.<\/p>\n<\/div><div class=\"fusion-image-element \" style=\"text-align:center;--awb-caption-title-font-family:var(--h2_typography-font-family);--awb-caption-title-font-weight:var(--h2_typography-font-weight);--awb-caption-title-font-style:var(--h2_typography-font-style);--awb-caption-title-size:var(--h2_typography-font-size);--awb-caption-title-transform:var(--h2_typography-text-transform);--awb-caption-title-line-height:var(--h2_typography-line-height);--awb-caption-title-letter-spacing:var(--h2_typography-letter-spacing);\"><span class=\" fusion-imageframe imageframe-none imageframe-1 hover-type-none\"><img decoding=\"async\" width=\"668\" height=\"1000\" title=\"DSC_6213\" src=\"https:\/\/puidetalu.ee\/wp-content\/uploads\/2025\/10\/DSC_6213.png\" data-orig-src=\"https:\/\/puidetalu.ee\/wp-content\/uploads\/2025\/10\/DSC_6213.png\" alt class=\"lazyload img-responsive wp-image-2062\" srcset=\"data:image\/svg+xml,%3Csvg%20xmlns%3D%27http%3A%2F%2Fwww.w3.org%2F2000%2Fsvg%27%20width%3D%27668%27%20height%3D%271000%27%20viewBox%3D%270%200%20668%201000%27%3E%3Crect%20width%3D%27668%27%20height%3D%271000%27%20fill-opacity%3D%220%22%2F%3E%3C%2Fsvg%3E\" data-srcset=\"https:\/\/puidetalu.ee\/wp-content\/uploads\/2025\/10\/DSC_6213-200x299.png 200w, https:\/\/puidetalu.ee\/wp-content\/uploads\/2025\/10\/DSC_6213-400x599.png 400w, https:\/\/puidetalu.ee\/wp-content\/uploads\/2025\/10\/DSC_6213-600x898.png 600w, https:\/\/puidetalu.ee\/wp-content\/uploads\/2025\/10\/DSC_6213.png 668w\" data-sizes=\"auto\" data-orig-sizes=\"(max-width: 1024px) 100vw, (max-width: 640px) 100vw, 668px\" \/><\/span><\/div><div class=\"fusion-text fusion-text-2\" style=\"--awb-margin-top:20px;\"><p>Enam kui 1200 hektaril p\u00f5llumaal kasvatame t\u00e4na k\u00fclvikorras tali- ja suvinisu, talirapsi, suviotra, kaera, hernest ja uba ning punast ristikut. Samuti oleme mulla seisundi hoidmiseks m\u00f5nedel p\u00f5ldudel viljelemas vahekultuuride kasvatamist. Suviraps oli meie k\u00fclvikorras k\u00fcll aastaid tagasi, kuid t\u00e4naseks oleme selle kultuuri pigem oma p\u00f5ldudelt v\u00e4listanud.<\/p>\n<p>Puide Talu on Eesti p\u00f5llumajandussektoris tuntud kui kvaliteetset k\u00fclviseemet pakkuv ettev\u00f5te, mis tegeleb tali- ja suvinisu, suviodra, kaera, herne ja p\u00f5ldoa seemnete paljundamise ja m\u00fc\u00fcgiga.<\/p>\n<\/div><div class=\"awb-gallery-wrapper awb-gallery-wrapper-1 button-span-no\" style=\"--more-btn-alignment:center;\" data-limit=\"3\" data-page=\"1\"><div style=\"margin:-5px;--awb-bordersize:0px;\" class=\"fusion-gallery fusion-gallery-container fusion-grid-3 fusion-columns-total-3 fusion-gallery-layout-grid fusion-gallery-1\"><div style=\"padding:5px;\" class=\"fusion-grid-column fusion-gallery-column fusion-gallery-column-3 hover-type-none\"><div class=\"fusion-gallery-image\"><a href=\"https:\/\/puidetalu.ee\/wp-content\/uploads\/2025\/10\/DSC_6283-e1759353177715.jpg\" rel=\"noreferrer\" data-rel=\"iLightbox[gallery_image_1]\" class=\"fusion-lightbox\" target=\"_self\"><img decoding=\"async\" src=\"https:\/\/puidetalu.ee\/wp-content\/uploads\/2025\/10\/DSC_6283-e1759353177715.jpg\" data-orig-src=\"https:\/\/puidetalu.ee\/wp-content\/uploads\/2025\/10\/DSC_6283-e1759353177715.jpg\" width=\"1362\" height=\"1822\" alt=\"\" title=\"DSC_6283\" aria-label=\"DSC_6283\" class=\"lazyload img-responsive wp-image-2061\" srcset=\"data:image\/svg+xml,%3Csvg%20xmlns%3D%27http%3A%2F%2Fwww.w3.org%2F2000%2Fsvg%27%20width%3D%271362%27%20height%3D%271822%27%20viewBox%3D%270%200%201362%201822%27%3E%3Crect%20width%3D%271362%27%20height%3D%271822%27%20fill-opacity%3D%220%22%2F%3E%3C%2Fsvg%3E\" data-srcset=\"https:\/\/puidetalu.ee\/wp-content\/uploads\/2025\/10\/DSC_6283-e1759353177715-200x268.jpg 200w, https:\/\/puidetalu.ee\/wp-content\/uploads\/2025\/10\/DSC_6283-e1759353177715-400x535.jpg 400w, https:\/\/puidetalu.ee\/wp-content\/uploads\/2025\/10\/DSC_6283-e1759353177715-600x803.jpg 600w, https:\/\/puidetalu.ee\/wp-content\/uploads\/2025\/10\/DSC_6283-e1759353177715-800x1070.jpg 800w, https:\/\/puidetalu.ee\/wp-content\/uploads\/2025\/10\/DSC_6283-e1759353177715-1200x1605.jpg 1200w, https:\/\/puidetalu.ee\/wp-content\/uploads\/2025\/10\/DSC_6283-e1759353177715.jpg 1362w\" data-sizes=\"auto\" data-orig-sizes=\"(min-width: 2200px) 100vw, (min-width: 824px) 387px, (min-width: 732px) 580px, (min-width: 640px) 732px, \" \/><\/a><\/div><\/div><div style=\"padding:5px;\" class=\"fusion-grid-column fusion-gallery-column fusion-gallery-column-3 hover-type-none\"><div class=\"fusion-gallery-image\"><a href=\"https:\/\/puidetalu.ee\/wp-content\/uploads\/2025\/10\/DSC_6481-e1759352915343.png\" rel=\"noreferrer\" data-rel=\"iLightbox[gallery_image_1]\" class=\"fusion-lightbox\" target=\"_self\"><img decoding=\"async\" src=\"https:\/\/puidetalu.ee\/wp-content\/uploads\/2025\/10\/DSC_6481-e1759352915343.png\" data-orig-src=\"https:\/\/puidetalu.ee\/wp-content\/uploads\/2025\/10\/DSC_6481-e1759352915343.png\" width=\"668\" height=\"893\" alt=\"\" title=\"DSC_6481\" aria-label=\"DSC_6481\" class=\"lazyload img-responsive wp-image-2060\" srcset=\"data:image\/svg+xml,%3Csvg%20xmlns%3D%27http%3A%2F%2Fwww.w3.org%2F2000%2Fsvg%27%20width%3D%27668%27%20height%3D%27893%27%20viewBox%3D%270%200%20668%20893%27%3E%3Crect%20width%3D%27668%27%20height%3D%27893%27%20fill-opacity%3D%220%22%2F%3E%3C%2Fsvg%3E\" data-srcset=\"https:\/\/puidetalu.ee\/wp-content\/uploads\/2025\/10\/DSC_6481-e1759352915343-200x267.png 200w, https:\/\/puidetalu.ee\/wp-content\/uploads\/2025\/10\/DSC_6481-e1759352915343-400x535.png 400w, https:\/\/puidetalu.ee\/wp-content\/uploads\/2025\/10\/DSC_6481-e1759352915343-600x802.png 600w, https:\/\/puidetalu.ee\/wp-content\/uploads\/2025\/10\/DSC_6481-e1759352915343.png 668w\" data-sizes=\"auto\" data-orig-sizes=\"(min-width: 2200px) 100vw, (min-width: 824px) 387px, (min-width: 732px) 580px, (min-width: 640px) 732px, \" \/><\/a><\/div><\/div><div style=\"padding:5px;\" class=\"fusion-grid-column fusion-gallery-column fusion-gallery-column-3 hover-type-none\"><div class=\"fusion-gallery-image\"><a href=\"https:\/\/puidetalu.ee\/wp-content\/uploads\/2025\/09\/20250909_113437-scaled-e1759352611613.jpg\" rel=\"noreferrer\" data-rel=\"iLightbox[gallery_image_1]\" class=\"fusion-lightbox\" target=\"_self\"><img decoding=\"async\" src=\"data:image\/svg+xml,%3Csvg%20xmlns%3D%27http%3A%2F%2Fwww.w3.org%2F2000%2Fsvg%27%20width%3D%27888%27%20height%3D%271184%27%20viewBox%3D%270%200%20888%201184%27%3E%3Crect%20width%3D%27888%27%20height%3D%271184%27%20fill-opacity%3D%220%22%2F%3E%3C%2Fsvg%3E\" data-orig-src=\"https:\/\/puidetalu.ee\/wp-content\/uploads\/2025\/09\/20250909_113437-scaled-e1759352611613.jpg\" width=\"888\" height=\"1184\" alt=\"\" title=\"20250909_113437\" aria-label=\"20250909_113437\" class=\"lazyload img-responsive wp-image-1985\"  \/><\/a><\/div><\/div><div class=\"clearfix\"><\/div><\/div><\/div><div class=\"fusion-text fusion-text-3\" style=\"--awb-margin-top:20px;\"><p>Puide Talus alustati sertifitseeritud seemnete tootmisega juba aastal 1993 \u2013 alustajaks ja teerajajaks oli tol ajal Mati, kes t\u00f6\u00f6tas \u00fcles ja tegi kogu Eestis tuntuks ka kaubam\u00e4rgi Puide Talu. T\u00e4na tagab ettev\u00f5tte hea toimimise, p\u00f5ldude igap\u00e4evase agronoomia ning valikus olevate sortide headuse ja p\u00f5llumeestele pakutavate seemnete kvaliteedi Ahti.<\/p>\n<\/div><div class=\"fusion-image-element \" style=\"text-align:center;--awb-caption-title-font-family:var(--h2_typography-font-family);--awb-caption-title-font-weight:var(--h2_typography-font-weight);--awb-caption-title-font-style:var(--h2_typography-font-style);--awb-caption-title-size:var(--h2_typography-font-size);--awb-caption-title-transform:var(--h2_typography-text-transform);--awb-caption-title-line-height:var(--h2_typography-line-height);--awb-caption-title-letter-spacing:var(--h2_typography-letter-spacing);\"><span class=\" fusion-imageframe imageframe-none imageframe-2 hover-type-none\"><img decoding=\"async\" width=\"1000\" height=\"668\" title=\"DSC_6296\" src=\"https:\/\/puidetalu.ee\/wp-content\/uploads\/2025\/10\/DSC_6296.png\" data-orig-src=\"https:\/\/puidetalu.ee\/wp-content\/uploads\/2025\/10\/DSC_6296.png\" alt class=\"lazyload img-responsive wp-image-2064\" srcset=\"data:image\/svg+xml,%3Csvg%20xmlns%3D%27http%3A%2F%2Fwww.w3.org%2F2000%2Fsvg%27%20width%3D%271000%27%20height%3D%27668%27%20viewBox%3D%270%200%201000%20668%27%3E%3Crect%20width%3D%271000%27%20height%3D%27668%27%20fill-opacity%3D%220%22%2F%3E%3C%2Fsvg%3E\" data-srcset=\"https:\/\/puidetalu.ee\/wp-content\/uploads\/2025\/10\/DSC_6296-200x134.png 200w, https:\/\/puidetalu.ee\/wp-content\/uploads\/2025\/10\/DSC_6296-400x267.png 400w, https:\/\/puidetalu.ee\/wp-content\/uploads\/2025\/10\/DSC_6296-600x401.png 600w, https:\/\/puidetalu.ee\/wp-content\/uploads\/2025\/10\/DSC_6296-800x534.png 800w, https:\/\/puidetalu.ee\/wp-content\/uploads\/2025\/10\/DSC_6296.png 1000w\" data-sizes=\"auto\" data-orig-sizes=\"(max-width: 1024px) 100vw, (max-width: 640px) 100vw, 1000px\" \/><\/span><\/div><div class=\"fusion-text fusion-text-4\" style=\"--awb-margin-top:20px;\"><p>Puide Talu on ka P\u00f5llumeeste \u00fchistu KEVILI liige ning seda juba KEVILI algusaegadest, kuna Mati on \u00fcks \u00fchistu asutajatest.<\/p>\n<p>Mati on tunnustatud tiitliga <span style=\"text-decoration: underline;\"><strong><a href=\"https:\/\/maaleht.delfi.ee\/artikkel\/23961243\/aasta-pollumees-2008-on-teraviljakasvataja-mati-nurm\" target=\"_blank\" rel=\"noopener\">Aasta P\u00f5llumees 2008.<\/a><\/strong><\/span><\/p>\n<p>Puide Talu on korduvalt osalenud Eesti viljakasvatajate m\u00f5\u00f5duv\u00f5tul Viljelusv\u00f5istlus ning erilist \u00e4ram\u00e4rkimist v\u00e4\u00e4rivad suviodra ja kaeraga saavutatud esikohad ning Eesti rekordsaagid.<\/p>\n<p>Ahti on tunnustatud tiitliga <span style=\"text-decoration: underline;\"><strong><a href=\"https:\/\/kevili.ee\/uudised\/mullasober-2022-ahti-nurm\/\" target=\"_blank\" rel=\"noopener\">Mullas\u00f5ber 2022<\/a><\/strong><\/span>, mis antakse saagiaasta parimale viljelejale ja p\u00f5llumehele, kelle k\u00e4e all hoolitsetud p\u00f5ld on k\u00f5ige mullas\u00f5bralikumalt ja s\u00fcsinikuneutraalsemalt majandatud.<\/p>\n<p>Puide Talus toimime p\u00f5lluharimisel ja nii saagi kui seemnevilja kasvatamisel alati mulla ja loodusega k\u00e4sik\u00e4es, arvestades alati, et need on meie olulisimad varad. Me hoiame au sees traditsioonilisi p\u00f5lluharimisviise, mist\u00f5ttu meie p\u00f5ldudel on kasutusel nii k\u00fcnd kui minimeeritud mullaharimine. Uued tehnoloogiad ja praktikad aga hoiavad ka meie uuendusmeelsuse alati erksa ja v\u00e4rskena.<\/p>\n<\/div><div class=\"fusion-image-element \" style=\"text-align:center;--awb-caption-title-font-family:var(--h2_typography-font-family);--awb-caption-title-font-weight:var(--h2_typography-font-weight);--awb-caption-title-font-style:var(--h2_typography-font-style);--awb-caption-title-size:var(--h2_typography-font-size);--awb-caption-title-transform:var(--h2_typography-text-transform);--awb-caption-title-line-height:var(--h2_typography-line-height);--awb-caption-title-letter-spacing:var(--h2_typography-letter-spacing);\"><span class=\" fusion-imageframe imageframe-none imageframe-3 hover-type-none\"><img decoding=\"async\" width=\"1000\" height=\"668\" title=\"DSC_5981\" src=\"https:\/\/puidetalu.ee\/wp-content\/uploads\/2025\/10\/DSC_5981.png\" data-orig-src=\"https:\/\/puidetalu.ee\/wp-content\/uploads\/2025\/10\/DSC_5981.png\" alt class=\"lazyload img-responsive wp-image-2063\" srcset=\"data:image\/svg+xml,%3Csvg%20xmlns%3D%27http%3A%2F%2Fwww.w3.org%2F2000%2Fsvg%27%20width%3D%271000%27%20height%3D%27668%27%20viewBox%3D%270%200%201000%20668%27%3E%3Crect%20width%3D%271000%27%20height%3D%27668%27%20fill-opacity%3D%220%22%2F%3E%3C%2Fsvg%3E\" data-srcset=\"https:\/\/puidetalu.ee\/wp-content\/uploads\/2025\/10\/DSC_5981-200x134.png 200w, https:\/\/puidetalu.ee\/wp-content\/uploads\/2025\/10\/DSC_5981-400x267.png 400w, https:\/\/puidetalu.ee\/wp-content\/uploads\/2025\/10\/DSC_5981-600x401.png 600w, https:\/\/puidetalu.ee\/wp-content\/uploads\/2025\/10\/DSC_5981-800x534.png 800w, https:\/\/puidetalu.ee\/wp-content\/uploads\/2025\/10\/DSC_5981.png 1000w\" data-sizes=\"auto\" data-orig-sizes=\"(max-width: 1024px) 100vw, (max-width: 640px) 100vw, 1000px\" \/><\/span><\/div><div class=\"fusion-image-element \" style=\"text-align:center;--awb-margin-top:20px;--awb-caption-title-font-family:var(--h2_typography-font-family);--awb-caption-title-font-weight:var(--h2_typography-font-weight);--awb-caption-title-font-style:var(--h2_typography-font-style);--awb-caption-title-size:var(--h2_typography-font-size);--awb-caption-title-transform:var(--h2_typography-text-transform);--awb-caption-title-line-height:var(--h2_typography-line-height);--awb-caption-title-letter-spacing:var(--h2_typography-letter-spacing);\"><span class=\" fusion-imageframe imageframe-none imageframe-4 hover-type-none\"><img decoding=\"async\" width=\"206\" height=\"157\" title=\"logo_green_ws\" src=\"https:\/\/puidetalu.ee\/wp-content\/uploads\/2025\/09\/logo_green_ws.png\" data-orig-src=\"https:\/\/puidetalu.ee\/wp-content\/uploads\/2025\/09\/logo_green_ws.png\" alt class=\"lazyload img-responsive wp-image-1506\" srcset=\"data:image\/svg+xml,%3Csvg%20xmlns%3D%27http%3A%2F%2Fwww.w3.org%2F2000%2Fsvg%27%20width%3D%27206%27%20height%3D%27157%27%20viewBox%3D%270%200%20206%20157%27%3E%3Crect%20width%3D%27206%27%20height%3D%27157%27%20fill-opacity%3D%220%22%2F%3E%3C%2Fsvg%3E\" data-srcset=\"https:\/\/puidetalu.ee\/wp-content\/uploads\/2025\/09\/logo_green_ws-200x152.png 200w, https:\/\/puidetalu.ee\/wp-content\/uploads\/2025\/09\/logo_green_ws.png 206w\" data-sizes=\"auto\" data-orig-sizes=\"(max-width: 1024px) 100vw, (max-width: 640px) 100vw, 206px\" \/><\/span><\/div><div class=\"fusion-title title fusion-title-2 fusion-sep-none fusion-title-center fusion-title-text fusion-title-size-two\" style=\"--awb-margin-top:20px;--awb-margin-top-small:0px;--awb-margin-right-small:0px;--awb-margin-bottom-small:20px;--awb-margin-left-small:0px;\"><h2 class=\"fusion-title-heading title-heading-center fusion-responsive-typography-calculated\" style=\"margin:0;text-transform:capitalize;--fontSize:32;line-height:1.3;\">Seemned t\u00e4is v\u00e4ge!<\/h2><\/div><\/div><\/div><\/div><\/div><div class=\"fusion-fullwidth fullwidth-box fusion-builder-row-2 fusion-flex-container has-pattern-background has-mask-background nonhundred-percent-fullwidth non-hundred-percent-height-scrolling\" style=\"--awb-border-radius-top-left:0px;--awb-border-radius-top-right:0px;--awb-border-radius-bottom-right:0px;--awb-border-radius-bottom-left:0px;--awb-flex-wrap:wrap;\" ><div class=\"fusion-builder-row fusion-row fusion-flex-align-items-flex-start fusion-flex-content-wrap\" style=\"max-width:1216.8px;margin-left: calc(-4% \/ 2 );margin-right: calc(-4% \/ 2 );\"><div class=\"fusion-layout-column fusion_builder_column fusion-builder-column-1 fusion_builder_column_1_1 1_1 fusion-flex-column\" style=\"--awb-bg-size:cover;--awb-width-large:100%;--awb-margin-top-large:0px;--awb-spacing-right-large:1.92%;--awb-margin-bottom-large:0px;--awb-spacing-left-large:1.92%;--awb-width-medium:100%;--awb-order-medium:0;--awb-spacing-right-medium:1.92%;--awb-spacing-left-medium:1.92%;--awb-width-small:100%;--awb-order-small:0;--awb-spacing-right-small:1.92%;--awb-spacing-left-small:1.92%;\"><div class=\"fusion-column-wrapper fusion-column-has-shadow fusion-flex-justify-content-flex-start fusion-content-layout-column\"><div class=\"fusion-title title fusion-title-3 fusion-sep-none fusion-title-text fusion-title-size-two\" style=\"--awb-margin-top-small:0px;--awb-margin-right-small:0px;--awb-margin-bottom-small:20px;--awb-margin-left-small:0px;\"><h2 class=\"fusion-title-heading title-heading-left fusion-responsive-typography-calculated\" style=\"margin:0;text-transform:capitalize;--fontSize:32;line-height:1.3;\">Kirjuta meile<\/h2><\/div><div class=\"fusion-form fusion-form-builder fusion-form-form-wrapper fusion-form-1627\" style=\"--awb-tooltip-text-color:#ffffff;--awb-tooltip-background-color:#333333;\" data-form-id=\"1627\" data-config=\"{&quot;form_id&quot;:&quot;1627&quot;,&quot;form_post_id&quot;:&quot;1627&quot;,&quot;post_id&quot;:1494,&quot;form_type&quot;:&quot;ajax&quot;,&quot;confirmation_type&quot;:&quot;redirect&quot;,&quot;redirect_url&quot;:&quot;https:\\\/\\\/puidetalu.ee\\\/taname-paringu-eest\\\/&quot;,&quot;redirect_timeout&quot;:&quot;0&quot;,&quot;field_labels&quot;:{&quot;nimi&quot;:&quot;&quot;,&quot;e-mail&quot;:&quot;&quot;,&quot;lisainfo&quot;:&quot;&quot;,&quot;ettevote&quot;:&quot;&quot;,&quot;telefoni_nr&quot;:&quot;&quot;,&quot;andmekaitsetingimused&quot;:&quot;&quot;},&quot;field_logics&quot;:{&quot;nimi&quot;:&quot;&quot;,&quot;e-mail&quot;:&quot;&quot;,&quot;lisainfo&quot;:&quot;&quot;,&quot;ettevote&quot;:&quot;&quot;,&quot;telefoni_nr&quot;:&quot;&quot;,&quot;andmekaitsetingimused&quot;:&quot;&quot;,&quot;submit_1&quot;:&quot;&quot;},&quot;field_types&quot;:{&quot;nimi&quot;:&quot;text&quot;,&quot;e-mail&quot;:&quot;email&quot;,&quot;lisainfo&quot;:&quot;textarea&quot;,&quot;ettevote&quot;:&quot;text&quot;,&quot;telefoni_nr&quot;:&quot;phone_number&quot;,&quot;andmekaitsetingimused&quot;:&quot;consent&quot;,&quot;submit_1&quot;:&quot;submit&quot;},&quot;nonce_method&quot;:&quot;ajax&quot;,&quot;form_views&quot;:&quot;ajax&quot;,&quot;form_views_counting&quot;:&quot;all&quot;}\"><form action=\"https:\/\/puidetalu.ee\/en\/meist\/\" method=\"post\" class=\"fusion-form fusion-form-1627\"><div class=\"fusion-fullwidth fullwidth-box fusion-builder-row-2-1 fusion-flex-container has-pattern-background has-mask-background nonhundred-percent-fullwidth non-hundred-percent-height-scrolling\" style=\"--awb-border-radius-top-left:0px;--awb-border-radius-top-right:0px;--awb-border-radius-bottom-right:0px;--awb-border-radius-bottom-left:0px;--awb-flex-wrap:wrap;\" ><div class=\"fusion-builder-row fusion-row fusion-flex-align-items-flex-start fusion-flex-content-wrap\" style=\"width:104% !important;max-width:104% !important;margin-left: calc(-4% \/ 2 );margin-right: calc(-4% \/ 2 );\"><div class=\"fusion-layout-column fusion_builder_column fusion-builder-column-2 fusion_builder_column_1_2 1_2 fusion-flex-column\" style=\"--awb-bg-size:cover;--awb-width-large:50%;--awb-flex-grow:0;--awb-flex-shrink:0;--awb-margin-top-large:0px;--awb-spacing-right-large:3.84%;--awb-margin-bottom-large:0px;--awb-spacing-left-large:3.84%;--awb-width-medium:100%;--awb-order-medium:0;--awb-flex-grow-medium:0;--awb-flex-shrink-medium:0;--awb-spacing-right-medium:1.92%;--awb-spacing-left-medium:1.92%;--awb-width-small:100%;--awb-order-small:0;--awb-flex-grow-small:0;--awb-flex-shrink-small:0;--awb-spacing-right-small:1.92%;--awb-spacing-left-small:1.92%;\"><div class=\"fusion-column-wrapper fusion-column-has-shadow fusion-flex-justify-content-flex-start fusion-content-layout-column\"><div class=\"fusion-form-field fusion-form-text-field fusion-form-label-above\" style=\"\" data-form-id=\"1627\"><input type=\"text\" autocomplete=\"off\"  data-empty-notice=\"Palun t\u00e4ida t\u00e4rniga t\u00e4histatud v\u00e4ljad!\" name=\"nimi\" id=\"nimi\" value=\"Nimi\"  class=\"fusion-form-input\" required=\"true\" aria-required=\"true\" placeholder=\"Nimi *\" data-holds-private-data=\"false\" minlength=\"0\"\/><\/div><div class=\"fusion-form-field fusion-form-email-field fusion-form-label-above\" style=\"\" data-form-id=\"1627\"><input type=\"email\" autocomplete=\"off\"  data-empty-notice=\"Palun t\u00e4ida t\u00e4rniga t\u00e4histatud v\u00e4ljad!\" name=\"e-mail\" id=\"e-mail\" value=\"\"  class=\"fusion-form-input\" required=\"true\" aria-required=\"true\" placeholder=\"E-mail *\" data-holds-private-data=\"false\"\/><\/div><div class=\"fusion-form-field fusion-form-textarea-field fusion-form-label-above\" style=\"\" data-form-id=\"1627\"><textarea cols=\"40\" autocomplete=\"off\"  minlength=\"0\"  rows=\"2\" tabindex=\"\" id=\"lisainfo\" name=\"lisainfo\" class=\"fusion-form-input\" placeholder=\"Lisainfo \" data-holds-private-data=\"false\"><\/textarea><\/div><\/div><\/div><div class=\"fusion-layout-column fusion_builder_column fusion-builder-column-3 fusion_builder_column_1_2 1_2 fusion-flex-column\" style=\"--awb-bg-size:cover;--awb-width-large:50%;--awb-flex-grow:0;--awb-flex-shrink:0;--awb-margin-top-large:0px;--awb-spacing-right-large:3.84%;--awb-margin-bottom-large:0px;--awb-spacing-left-large:3.84%;--awb-width-medium:100%;--awb-order-medium:0;--awb-flex-grow-medium:0;--awb-flex-shrink-medium:0;--awb-spacing-right-medium:1.92%;--awb-spacing-left-medium:1.92%;--awb-width-small:100%;--awb-order-small:0;--awb-flex-grow-small:0;--awb-flex-shrink-small:0;--awb-spacing-right-small:1.92%;--awb-spacing-left-small:1.92%;\"><div class=\"fusion-column-wrapper fusion-column-has-shadow fusion-flex-justify-content-flex-start fusion-content-layout-column\"><div class=\"fusion-form-field fusion-form-text-field fusion-form-label-above\" style=\"\" data-form-id=\"1627\"><input type=\"text\" autocomplete=\"off\" name=\"ettevote\" id=\"ettevote\" value=\"\"  class=\"fusion-form-input\" placeholder=\"Ettev\u00f5te \" data-holds-private-data=\"false\" minlength=\"0\"\/><\/div><div class=\"fusion-form-field fusion-form-phone-number-field fusion-form-label-above\" style=\"\" data-form-id=\"1627\"><div class=\"fusion-form-input-with-icon\"><i class=\"awb-form-icon fa-phone-square-alt fas\"><\/i><input type=\"tel\" autocomplete=\"off\" name=\"telefoni_nr\" id=\"telefoni_nr\" value=\"\"  class=\"fusion-form-input\" placeholder=\"Telefoni nr. \" data-holds-private-data=\"false\"\/><\/div><\/div><div class=\"fusion-form-field fusion-form-consent-field fusion-form-label-above\" style=\"\" data-form-id=\"1627\"><div class=\"fusion-form-checkbox option-inline\"><input tabindex=\"\" id=\"andmekaitsetingimused\" type=\"checkbox\" value=\"1\" name=\"andmekaitsetingimused\" class=\"fusion-form-input\" required=\"true\" aria-required=\"true\"\/><label for=\"andmekaitsetingimused\">N\u00f5ustun <a href=\"https:\/\/puidetalu.ee\/andmekaitsetingimused\/\" target=\"_blank\"> privaatsustingimustega <\/a><\/label><\/div><\/div><div class=\"fusion-form-field fusion-form-submit-field fusion-form-label-above\" style=\"\" data-form-id=\"1627\"><div ><button type=\"submit\" class=\"fusion-button button-flat fusion-button-default-size button-default fusion-button-default button-1 fusion-button-default-span  button-default form-form-submit\" style=\"--button-border-radius-top-left:10px;--button-border-radius-top-right:10px;--button-border-radius-bottom-right:10px;--button-border-radius-bottom-left:10px;\" data-form-number=\"1627\" tabindex=\"\"><span class=\"fusion-button-text awb-button__text awb-button__text--default\">Saada<\/span><\/button><\/div><\/div><\/div><\/div><\/div><\/div><input type=\"hidden\" name=\"fusion_privacy_expiration_interval\" value=\"48\"><input type=\"hidden\" name=\"privacy_expiration_action\" value=\"anonymize\"><\/form><\/div><\/div><\/div><\/div><\/div><\/p>\n","protected":false},"excerpt":{"rendered":"","protected":false},"author":1,"featured_media":0,"parent":0,"menu_order":0,"comment_status":"closed","ping_status":"closed","template":"","meta":{"footnotes":""},"class_list":["post-1494","page","type-page","status-publish","hentry"],"aioseo_notices":[],"_links":{"self":[{"href":"https:\/\/puidetalu.ee\/en\/wp-json\/wp\/v2\/pages\/1494","targetHints":{"allow":["GET"]}}],"collection":[{"href":"https:\/\/puidetalu.ee\/en\/wp-json\/wp\/v2\/pages"}],"about":[{"href":"https:\/\/puidetalu.ee\/en\/wp-json\/wp\/v2\/types\/page"}],"author":[{"embeddable":true,"href":"https:\/\/puidetalu.ee\/en\/wp-json\/wp\/v2\/users\/1"}],"replies":[{"embeddable":true,"href":"https:\/\/puidetalu.ee\/en\/wp-json\/wp\/v2\/comments?post=1494"}],"version-history":[{"count":16,"href":"https:\/\/puidetalu.ee\/en\/wp-json\/wp\/v2\/pages\/1494\/revisions"}],"predecessor-version":[{"id":2081,"href":"https:\/\/puidetalu.ee\/en\/wp-json\/wp\/v2\/pages\/1494\/revisions\/2081"}],"wp:attachment":[{"href":"https:\/\/puidetalu.ee\/en\/wp-json\/wp\/v2\/media?parent=1494"}],"curies":[{"name":"wp","href":"https:\/\/api.w.org\/{rel}","templated":true}]}}